{"id":9,"date":"2025-07-08T12:34:55","date_gmt":"2025-07-08T12:34:55","guid":{"rendered":"https:\/\/www.roten.pl\/?page_id=9"},"modified":"2025-12-09T11:29:38","modified_gmt":"2025-12-09T11:29:38","slug":"strona-glowna","status":"publish","type":"page","link":"https:\/\/www.roten.pl\/","title":{"rendered":"Home"},"content":{"rendered":"\n<div class=\"wp-block-uagb-container uagb-block-a547bfb9 alignfull uagb-is-root-container\"><div class=\"uagb-container-inner-blocks-wrap\">\n<div class=\"wp-block-uagb-advanced-heading uagb-block-447481e4\"><h1 class=\"uagb-heading-text\">Inteligentne rozwi\u0105zania dla Twojej energii. W firmie i w domu.<\/h1><p class=\"uagb-desc-text\">Specjalizujemy si\u0119 w optymalizacji zu\u017cycia energii i nowoczesnej automatyce budynkowej.<\/p><\/div>\n<\/div><\/div>\n\n\n\n<div class=\"wp-block-uagb-container uagb-block-a8425de0 alignfull uagb-is-root-container\"><div class=\"uagb-container-inner-blocks-wrap\">\n<div class=\"wp-block-uagb-container uagb-block-431b38a8\">\n<div class=\"wp-block-uagb-info-box uagb-block-c32e3fa2 uagb-infobox__content-wrap  uagb-infobox-icon-above-title uagb-infobox-image-valign-top\"><div class=\"uagb-ifb-content\"><div class=\"uagb-ifb-title-wrap\"><h2 class=\"uagb-ifb-title-prefix\">Tw\u00f3j partner w nowoczesnych instalacjach.<\/h2><div class=\"uagb-ifb-separator\"><\/div><h4 class=\"uagb-ifb-title\"><strong>O nas<\/strong><\/h4><\/div><p class=\"uagb-ifb-desc\">Zajmujemy si\u0119 kompleksow\u0105 obs\u0142ug\u0105 w zakresie nowoczesnych instalacji i automatyki. Ka\u017cdy projekt rozpoczynamy od szczeg\u00f3\u0142owej analizy i audytu, aby dok\u0142adnie pozna\u0107 potrzeby naszych klient\u00f3w i dopasowa\u0107 rozwi\u0105zania, kt\u00f3re przynosz\u0105 realne korzy\u015bci. Dobieramy i wdra\u017camy kompensatory energii biernej, kt\u00f3re nie tylko obni\u017caj\u0105 rachunki za pr\u0105d, ale tak\u017ce zwi\u0119kszaj\u0105 wydajno\u015b\u0107 i \u017cywotno\u015b\u0107 ca\u0142ej instalacji elektrycznej.<br>Projektujemy i realizujemy systemy automatyki budynkowej, dzi\u0119ki kt\u00f3rym zyskujesz pe\u0142n\u0105 kontrol\u0119 nad domem lub firm\u0105. Inteligentne zarz\u0105dzanie o\u015bwietleniem, ogrzewaniem czy bezpiecze\u0144stwem pozwala na wygod\u0119, oszcz\u0119dno\u015b\u0107 i wi\u0119ksze poczucie komfortu ka\u017cdego dnia.<br>Dbamy tak\u017ce o to, by Twoja przestrze\u0144 by\u0142a bezpieczna i nowoczesna. Oferujemy profesjonalne systemy monitoringu, automatyczne bramy i domofony \u2013 rozwi\u0105zania, kt\u00f3re \u0142\u0105cz\u0105 bezpiecze\u0144stwo z wygod\u0105 obs\u0142ugi.<br>Nasz\u0105 przewag\u0105 jest do\u015bwiadczenie i indywidualne podej\u015bcie. Ka\u017cdy projekt traktujemy jako unikalne wyzwanie, dlatego dostarczamy technologie szyte na miar\u0119 Twoich potrzeb. Stawiamy na jako\u015b\u0107, niezawodno\u015b\u0107 i pe\u0142ne wsparcie \u2013 od doradztwa i projektu, po monta\u017c, konfiguracj\u0119 i serwis.<br>Wybieraj\u0105c nas, zyskujesz partnera, kt\u00f3ry nie tylko zna si\u0119 na nowoczesnych technologiach, ale przede wszystkim rozumie, \u017ce najwa\u017cniejsze s\u0105 Twoje cele i komfort.<\/p><\/div><\/div>\n\n\n\n<div class=\"wp-block-uagb-icon-list uagb-block-30b00c54\"><div class=\"uagb-icon-list__wrap\">\n<div class=\"wp-block-uagb-icon-list-child uagb-block-968a9317\"><span class=\"uagb-icon-list__source-wrap\"><svg xmlns=\"https:\/\/www.w3.org\/2000\/svg\" viewBox=\"0 0 512 512\"><path d=\"M18.92 351.2l108.5-46.52c12.78-5.531 27.77-1.801 36.45 8.98l44.09 53.82c69.25-34 125.5-90.31 159.5-159.5l-53.81-44.04c-10.75-8.781-14.41-23.69-8.974-36.47l46.51-108.5c6.094-13.91 21.1-21.52 35.79-18.11l100.8 23.25c14.25 3.25 24.22 15.8 24.22 30.46c0 252.3-205.2 457.5-457.5 457.5c-14.67 0-27.18-9.968-30.45-24.22l-23.25-100.8C-2.571 372.4 5.018 357.2 18.92 351.2z\"><\/path><\/svg><\/span><span class=\"uagb-icon-list__label\">Kontakt\u200b<\/span><\/div>\n<\/div><\/div>\n\n\n\n<div class=\"wp-block-uagb-advanced-heading uagb-block-58a68d4d\"><h3 class=\"uagb-heading-text\">+48 609 355 365<\/h3><\/div>\n<\/div>\n\n\n\n<div class=\"wp-block-uagb-container uagb-block-cca202fd\">\n<div class=\"wp-block-uagb-container uagb-block-a6a3e4ff\">\n<div class=\"wp-block-uagb-image alignleft uagb-block-aad17a09 wp-block-uagb-image--layout-default wp-block-uagb-image--effect-static wp-block-uagb-image--align-left\"><figure class=\"wp-block-uagb-image__figure\"><img decoding=\"async\" srcset=\"https:\/\/www.roten.pl\/wp-content\/uploads\/2025\/08\/ChatGPT-Image-20-sie-2025-20_22_09.png ,https:\/\/www.roten.pl\/wp-content\/uploads\/2025\/08\/ChatGPT-Image-20-sie-2025-20_22_09.png 780w, https:\/\/www.roten.pl\/wp-content\/uploads\/2025\/08\/ChatGPT-Image-20-sie-2025-20_22_09.png 360w\" sizes=\"auto, (max-width: 480px) 150px\" src=\"https:\/\/www.roten.pl\/wp-content\/uploads\/2025\/08\/ChatGPT-Image-20-sie-2025-20_22_09.png\" alt=\"roten smart home\" class=\"uag-image-55\" width=\"512\" height=\"575\" title=\"roten smart home\" loading=\"lazy\" role=\"img\"\/><\/figure><\/div>\n<\/div>\n<\/div>\n<\/div><\/div>\n\n\n\n<div class=\"wp-block-uagb-container uag-blocks-common-selector uagb-block-edbeb5ab alignfull uagb-is-root-container\"><div class=\"uagb-container-inner-blocks-wrap\">\n<div class=\"wp-block-uagb-info-box uagb-block-f7d55f89 uagb-infobox__content-wrap  uagb-infobox-icon-above-title uagb-infobox-image-valign-top\"><div class=\"uagb-ifb-content\"><div class=\"uagb-ifb-title-wrap\"><div class=\"uagb-ifb-separator\"><\/div><h2 class=\"uagb-ifb-title\">Masz rachunki za pr\u0105d na firm\u0119?<\/h2><\/div><p class=\"uagb-ifb-desc\">Prze\u015blij nam sw\u00f3j rachunek, a my sprawdzimy jak mo\u017cemy obni\u017cy\u0107 Twoje p\u0142atno\u015bci za energi\u0119.<\/p><div class=\"uagb-ifb-button-wrapper wp-block-button\"><a href=\"mailto:michal@roten.pl\" class=\"uagb-infobox-cta-link wp-block-button__link\" target=\"_blank\" rel=\"noopener noreferrer\" onclick=\"return true;\"><span class=\"uagb-inline-editing\">Wy\u015blij<\/span><svg xmlns=\"https:\/\/www.w3.org\/2000\/svg\" viewBox=\"0 0 512 512\"><path d=\"M504.3 273.6l-112.1 104c-6.992 6.484-17.18 8.218-25.94 4.406c-8.758-3.812-14.42-12.45-14.42-21.1L351.9 288H32C14.33 288 .0002 273.7 .0002 255.1S14.33 224 32 224h319.9l0-72c0-9.547 5.66-18.19 14.42-22c8.754-3.809 18.95-2.075 25.94 4.41l112.1 104C514.6 247.9 514.6 264.1 504.3 273.6z\"><\/path><\/svg><\/a><\/div><\/div><\/div>\n<\/div><\/div>\n\n\n\n<p><\/p>\n","protected":false},"excerpt":{"rendered":"<p>Inteligentne rozwi\u0105zania dla Twojej energii. W firmie i w domu. Specjalizujemy si\u0119 w optymalizacji zu\u017cycia energii i nowoczesnej automatyce budynkowej. [&hellip;]<\/p>\n","protected":false},"author":1,"featured_media":0,"parent":0,"menu_order":0,"comment_status":"closed","ping_status":"closed","template":"","meta":{"_uag_custom_page_level_css":"","site-sidebar-layout":"default","site-content-layout":"","ast-site-content-layout":"default","site-content-style":"default","site-sidebar-style":"default","ast-global-header-display":"","ast-banner-title-visibility":"","ast-main-header-display":"","ast-hfb-above-header-display":"","ast-hfb-below-header-display":"","ast-hfb-mobile-header-display":"","site-post-title":"disabled","ast-breadcrumbs-content":"","ast-featured-img":"","footer-sml-layout":"","ast-disable-related-posts":"","theme-transparent-header-meta":"","adv-header-id-meta":"","stick-header-meta":"","header-above-stick-meta":"","header-main-stick-meta":"","header-below-stick-meta":"","astra-migrate-meta-layouts":"default","ast-page-background-enabled":"default","ast-page-background-meta":{"desktop":{"background-color":"var(--ast-global-color-5)","background-image":"","background-repeat":"repeat","background-position":"center center","background-size":"auto","background-attachment":"scroll","background-type":"","background-media":"","overlay-type":"","overlay-color":"","overlay-opacity":"","overlay-gradient":""},"tablet":{"background-color":"","background-image":"","background-repeat":"repeat","background-position":"center center","background-size":"auto","background-attachment":"scroll","background-type":"","background-media":"","overlay-type":"","overlay-color":"","overlay-opacity":"","overlay-gradient":""},"mobile":{"background-color":"","background-image":"","background-repeat":"repeat","background-position":"center center","background-size":"auto","background-attachment":"scroll","background-type":"","background-media":"","overlay-type":"","overlay-color":"","overlay-opacity":"","overlay-gradient":""}},"ast-content-background-meta":{"desktop":{"background-color":"var(--ast-global-color-4)","background-image":"","background-repeat":"repeat","background-position":"center center","background-size":"auto","background-attachment":"scroll","background-type":"","background-media":"","overlay-type":"","overlay-color":"","overlay-opacity":"","overlay-gradient":""},"tablet":{"background-color":"var(--ast-global-color-4)","background-image":"","background-repeat":"repeat","background-position":"center center","background-size":"auto","background-attachment":"scroll","background-type":"","background-media":"","overlay-type":"","overlay-color":"","overlay-opacity":"","overlay-gradient":""},"mobile":{"background-color":"var(--ast-global-color-4)","background-image":"","background-repeat":"repeat","background-position":"center center","background-size":"auto","background-attachment":"scroll","background-type":"","background-media":"","overlay-type":"","overlay-color":"","overlay-opacity":"","overlay-gradient":""}},"footnotes":""},"class_list":["post-9","page","type-page","status-publish","hentry"],"yoast_head":"<!-- This site is optimized with the Yoast SEO plugin v26.9 - https:\/\/yoast.com\/product\/yoast-seo-wordpress\/ -->\n<title>Home - M&oacute;j Blog<\/title>\n<meta name=\"robots\" content=\"noindex, follow, max-snippet:-1, max-image-preview:large, max-video-preview:-1\" \/>\n<meta property=\"og:locale\" content=\"pl_PL\" \/>\n<meta property=\"og:type\" content=\"article\" \/>\n<meta property=\"og:title\" content=\"Home - M&oacute;j Blog\" \/>\n<meta property=\"og:description\" content=\"Inteligentne rozwi\u0105zania dla Twojej energii. W firmie i w domu. Specjalizujemy si\u0119 w optymalizacji zu\u017cycia energii i nowoczesnej automatyce budynkowej. [&hellip;]\" \/>\n<meta property=\"og:url\" content=\"https:\/\/www.roten.pl\/\" \/>\n<meta property=\"og:site_name\" content=\"M&oacute;j Blog\" \/>\n<meta property=\"article:modified_time\" content=\"2025-12-09T11:29:38+00:00\" \/>\n<meta property=\"og:image\" content=\"https:\/\/www.roten.pl\/wp-content\/uploads\/2025\/08\/ChatGPT-Image-20-sie-2025-20_22_09.png\" \/>\n<meta name=\"twitter:card\" content=\"summary_large_image\" \/>\n<meta name=\"twitter:label1\" content=\"Szacowany czas czytania\" \/>\n\t<meta name=\"twitter:data1\" content=\"2 minuty\" \/>\n<script type=\"application\/ld+json\" class=\"yoast-schema-graph\">{\"@context\":\"https:\/\/schema.org\",\"@graph\":[{\"@type\":\"WebPage\",\"@id\":\"https:\/\/www.roten.pl\/\",\"url\":\"https:\/\/www.roten.pl\/\",\"name\":\"Home - M&oacute;j Blog\",\"isPartOf\":{\"@id\":\"https:\/\/www.roten.pl\/#website\"},\"primaryImageOfPage\":{\"@id\":\"https:\/\/www.roten.pl\/#primaryimage\"},\"image\":{\"@id\":\"https:\/\/www.roten.pl\/#primaryimage\"},\"thumbnailUrl\":\"https:\/\/www.roten.pl\/wp-content\/uploads\/2025\/08\/ChatGPT-Image-20-sie-2025-20_22_09.png\",\"datePublished\":\"2025-07-08T12:34:55+00:00\",\"dateModified\":\"2025-12-09T11:29:38+00:00\",\"breadcrumb\":{\"@id\":\"https:\/\/www.roten.pl\/#breadcrumb\"},\"inLanguage\":\"pl-PL\",\"potentialAction\":[{\"@type\":\"ReadAction\",\"target\":[\"https:\/\/www.roten.pl\/\"]}]},{\"@type\":\"ImageObject\",\"inLanguage\":\"pl-PL\",\"@id\":\"https:\/\/www.roten.pl\/#primaryimage\",\"url\":\"https:\/\/www.roten.pl\/wp-content\/uploads\/2025\/08\/ChatGPT-Image-20-sie-2025-20_22_09.png\",\"contentUrl\":\"https:\/\/www.roten.pl\/wp-content\/uploads\/2025\/08\/ChatGPT-Image-20-sie-2025-20_22_09.png\",\"width\":1024,\"height\":1024,\"caption\":\"roten smart home\"},{\"@type\":\"BreadcrumbList\",\"@id\":\"https:\/\/www.roten.pl\/#breadcrumb\",\"itemListElement\":[{\"@type\":\"ListItem\",\"position\":1,\"name\":\"Strona g\u0142\u00f3wna\",\"item\":\"https:\/\/www.roten.pl\/\"},{\"@type\":\"ListItem\",\"position\":2,\"name\":\"Home\"}]},{\"@type\":\"WebSite\",\"@id\":\"https:\/\/www.roten.pl\/#website\",\"url\":\"https:\/\/www.roten.pl\/\",\"name\":\"M&oacute;j Blog\",\"description\":\"Kolejna witryna WordPress\",\"potentialAction\":[{\"@type\":\"SearchAction\",\"target\":{\"@type\":\"EntryPoint\",\"urlTemplate\":\"https:\/\/www.roten.pl\/?s={search_term_string}\"},\"query-input\":{\"@type\":\"PropertyValueSpecification\",\"valueRequired\":true,\"valueName\":\"search_term_string\"}}],\"inLanguage\":\"pl-PL\"}]}<\/script>\n<!-- \/ Yoast SEO plugin. -->","yoast_head_json":{"title":"Home - M&oacute;j Blog","robots":{"index":"noindex","follow":"follow","max-snippet":"max-snippet:-1","max-image-preview":"max-image-preview:large","max-video-preview":"max-video-preview:-1"},"og_locale":"pl_PL","og_type":"article","og_title":"Home - M&oacute;j Blog","og_description":"Inteligentne rozwi\u0105zania dla Twojej energii. W firmie i w domu. Specjalizujemy si\u0119 w optymalizacji zu\u017cycia energii i nowoczesnej automatyce budynkowej. [&hellip;]","og_url":"https:\/\/www.roten.pl\/","og_site_name":"M&oacute;j Blog","article_modified_time":"2025-12-09T11:29:38+00:00","og_image":[{"url":"https:\/\/www.roten.pl\/wp-content\/uploads\/2025\/08\/ChatGPT-Image-20-sie-2025-20_22_09.png","type":"","width":"","height":""}],"twitter_card":"summary_large_image","twitter_misc":{"Szacowany czas czytania":"2 minuty"},"schema":{"@context":"https:\/\/schema.org","@graph":[{"@type":"WebPage","@id":"https:\/\/www.roten.pl\/","url":"https:\/\/www.roten.pl\/","name":"Home - M&oacute;j Blog","isPartOf":{"@id":"https:\/\/www.roten.pl\/#website"},"primaryImageOfPage":{"@id":"https:\/\/www.roten.pl\/#primaryimage"},"image":{"@id":"https:\/\/www.roten.pl\/#primaryimage"},"thumbnailUrl":"https:\/\/www.roten.pl\/wp-content\/uploads\/2025\/08\/ChatGPT-Image-20-sie-2025-20_22_09.png","datePublished":"2025-07-08T12:34:55+00:00","dateModified":"2025-12-09T11:29:38+00:00","breadcrumb":{"@id":"https:\/\/www.roten.pl\/#breadcrumb"},"inLanguage":"pl-PL","potentialAction":[{"@type":"ReadAction","target":["https:\/\/www.roten.pl\/"]}]},{"@type":"ImageObject","inLanguage":"pl-PL","@id":"https:\/\/www.roten.pl\/#primaryimage","url":"https:\/\/www.roten.pl\/wp-content\/uploads\/2025\/08\/ChatGPT-Image-20-sie-2025-20_22_09.png","contentUrl":"https:\/\/www.roten.pl\/wp-content\/uploads\/2025\/08\/ChatGPT-Image-20-sie-2025-20_22_09.png","width":1024,"height":1024,"caption":"roten smart home"},{"@type":"BreadcrumbList","@id":"https:\/\/www.roten.pl\/#breadcrumb","itemListElement":[{"@type":"ListItem","position":1,"name":"Strona g\u0142\u00f3wna","item":"https:\/\/www.roten.pl\/"},{"@type":"ListItem","position":2,"name":"Home"}]},{"@type":"WebSite","@id":"https:\/\/www.roten.pl\/#website","url":"https:\/\/www.roten.pl\/","name":"M&oacute;j Blog","description":"Kolejna witryna WordPress","potentialAction":[{"@type":"SearchAction","target":{"@type":"EntryPoint","urlTemplate":"https:\/\/www.roten.pl\/?s={search_term_string}"},"query-input":{"@type":"PropertyValueSpecification","valueRequired":true,"valueName":"search_term_string"}}],"inLanguage":"pl-PL"}]}},"uagb_featured_image_src":{"full":false,"thumbnail":false,"medium":false,"medium_large":false,"large":false,"1536x1536":false,"2048x2048":false},"uagb_author_info":{"display_name":"admin","author_link":"https:\/\/www.roten.pl\/?author=1"},"uagb_comment_info":0,"uagb_excerpt":"Inteligentne rozwi\u0105zania dla Twojej energii. W firmie i w domu. Specjalizujemy si\u0119 w optymalizacji zu\u017cycia energii i nowoczesnej automatyce budynkowej. [&hellip;]","_links":{"self":[{"href":"https:\/\/www.roten.pl\/index.php?rest_route=\/wp\/v2\/pages\/9","targetHints":{"allow":["GET"]}}],"collection":[{"href":"https:\/\/www.roten.pl\/index.php?rest_route=\/wp\/v2\/pages"}],"about":[{"href":"https:\/\/www.roten.pl\/index.php?rest_route=\/wp\/v2\/types\/page"}],"author":[{"embeddable":true,"href":"https:\/\/www.roten.pl\/index.php?rest_route=\/wp\/v2\/users\/1"}],"replies":[{"embeddable":true,"href":"https:\/\/www.roten.pl\/index.php?rest_route=%2Fwp%2Fv2%2Fcomments&post=9"}],"version-history":[{"count":13,"href":"https:\/\/www.roten.pl\/index.php?rest_route=\/wp\/v2\/pages\/9\/revisions"}],"predecessor-version":[{"id":69,"href":"https:\/\/www.roten.pl\/index.php?rest_route=\/wp\/v2\/pages\/9\/revisions\/69"}],"wp:attachment":[{"href":"https:\/\/www.roten.pl\/index.php?rest_route=%2Fwp%2Fv2%2Fmedia&parent=9"}],"curies":[{"name":"wp","href":"https:\/\/api.w.org\/{rel}","templated":true}]}}